{"id":904,"date":"2025-04-01T07:46:06","date_gmt":"2025-04-01T07:46:06","guid":{"rendered":"https:\/\/helenilustra.com\/?page_id=904"},"modified":"2026-01-22T12:26:33","modified_gmt":"2026-01-22T12:26:33","slug":"video-editing","status":"publish","type":"page","link":"https:\/\/helenilustra.com\/en\/edicion-de-video\/","title":{"rendered":"Video Editing"},"content":{"rendered":"<div data-elementor-type=\"wp-page\" data-elementor-id=\"904\" class=\"elementor elementor-904\" data-elementor-post-type=\"page\">\n\t\t\t\t<div class=\"elementor-element elementor-element-69e8f0b e-flex e-con-boxed e-con e-parent\" data-id=\"69e8f0b\" data-element_type=\"container\" data-e-type=\"container\" data-settings=\"{&quot;background_background&quot;:&quot;classic&quot;}\">\n\t\t\t\t\t<div class=\"e-con-inner\">\n\t\t<div class=\"elementor-element elementor-element-63d56b4 e-con-full e-flex elementor-invisible e-con e-child\" data-id=\"63d56b4\" data-element_type=\"container\" data-e-type=\"container\" data-settings=\"{&quot;animation&quot;:&quot;fadeInDown&quot;}\">\n\t\t\t\t<div class=\"elementor-element elementor-element-13b1a03 elementor-widget elementor-widget-heading\" data-id=\"13b1a03\" data-element_type=\"widget\" data-e-type=\"widget\" data-widget_type=\"heading.default\">\n\t\t\t\t<div class=\"elementor-widget-container\">\n\t\t\t\t\t<h1 class=\"elementor-heading-title elementor-size-default\">Video Editing Service\n<\/h1>\t\t\t\t<\/div>\n\t\t\t\t<\/div>\n\t\t\t\t<\/div>\n\t\t<div class=\"elementor-element elementor-element-0892f8f e-con-full e-flex elementor-invisible e-con e-child\" data-id=\"0892f8f\" data-element_type=\"container\" data-e-type=\"container\" data-settings=\"{&quot;animation&quot;:&quot;fadeInDown&quot;}\">\n\t\t\t\t<div class=\"elementor-element elementor-element-a9a86b6 elementor-widget elementor-widget-heading\" data-id=\"a9a86b6\" data-element_type=\"widget\" data-e-type=\"widget\" data-widget_type=\"heading.default\">\n\t\t\t\t<div class=\"elementor-widget-container\">\n\t\t\t\t\t<h2 class=\"elementor-heading-title elementor-size-default\">Professional video editing for branding and creative projects<\/h2>\t\t\t\t<\/div>\n\t\t\t\t<\/div>\n\t\t\t\t<\/div>\n\t\t\t\t\t<\/div>\n\t\t\t\t<\/div>\n\t\t<div class=\"elementor-element elementor-element-f96be5f e-flex e-con-boxed e-con e-parent\" data-id=\"f96be5f\" data-element_type=\"container\" data-e-type=\"container\">\n\t\t\t\t\t<div class=\"e-con-inner\">\n\t\t\t\t<div class=\"elementor-element elementor-element-665fe02 elementor-widget elementor-widget-text-editor\" data-id=\"665fe02\" data-element_type=\"widget\" data-e-type=\"widget\" data-widget_type=\"text-editor.default\">\n\t\t\t\t<div class=\"elementor-widget-container\">\n\t\t\t\t\t\t\t\t\t<p><span style=\"font-weight: 400;\">At <\/span><b>Helen Illustra<\/b><span style=\"font-weight: 400;\">video editing is much more than just cutting and assembling images. It is a powerful tool for telling stories, conveying emotions and reinforcing the visual identity of a brand or project. A well-edited video can capture the audience's attention, communicate a message effectively and generate impact.<\/span><\/p><p><span style=\"font-weight: 400;\">The <\/span><b>video editing service<\/b><span style=\"font-weight: 400;\"> is designed to create attractive, dynamic audiovisual content adapted to the needs of each client. Whether for social networks, presentations, advertising campaigns or corporate content, each project is worked on with precision and creativity to guarantee a professional and visually powerful result.<\/span><\/p><p><span style=\"font-weight: 400;\">If you are looking for a <\/span><b>video editing service<\/b><span style=\"font-weight: 400;\"> that transforms your material into high quality content, in <\/span><b>Helen Illustra<\/b><span style=\"font-weight: 400;\"> we can help you.<\/span><\/p>\t\t\t\t\t\t\t\t<\/div>\n\t\t\t\t<\/div>\n\t\t\t\t\t<\/div>\n\t\t\t\t<\/div>\n\t\t<div class=\"elementor-element elementor-element-38a9f33 e-con-full e-flex e-con e-parent\" data-id=\"38a9f33\" data-element_type=\"container\" data-e-type=\"container\">\n\t\t<div class=\"elementor-element elementor-element-bdc7f74 e-con-full e-flex e-con e-child\" data-id=\"bdc7f74\" data-element_type=\"container\" data-e-type=\"container\" data-settings=\"{&quot;background_background&quot;:&quot;classic&quot;}\">\n\t\t\t\t<div class=\"elementor-element elementor-element-b55ee95 elementor-widget elementor-widget-video\" data-id=\"b55ee95\" data-element_type=\"widget\" data-e-type=\"widget\" data-settings=\"{&quot;video_type&quot;:&quot;hosted&quot;,&quot;show_image_overlay&quot;:&quot;yes&quot;,&quot;image_overlay&quot;:{&quot;url&quot;:&quot;http:\\\/\\\/helenilustra.com\\\/wp-content\\\/uploads\\\/2025\\\/04\\\/3.final_-scaled.jpg&quot;,&quot;id&quot;:1110,&quot;size&quot;:&quot;&quot;,&quot;alt&quot;:&quot;edici\\u00f3n de v\\u00eddeo&quot;,&quot;source&quot;:&quot;library&quot;},&quot;controls&quot;:&quot;yes&quot;}\" data-widget_type=\"video.default\">\n\t\t\t\t<div class=\"elementor-widget-container\">\n\t\t\t\t\t\t\t<div class=\"e-hosted-video elementor-wrapper elementor-open-inline\">\n\t\t\t\t\t<video class=\"elementor-video\" src=\"https:\/\/helenilustra.com\/wp-content\/uploads\/2025\/04\/Video-Mural-Interior.mp4\" controls=\"\" preload=\"metadata\" controlslist=\"nodownload\"><\/video>\n\t\t\t\t\t\t<div class=\"elementor-custom-embed-image-overlay lazyload\" style=\"background-image:inherit;\" data-bg-image=\"url(https:\/\/helenilustra.com\/wp-content\/uploads\/2025\/04\/3.final_-scaled.jpg)\">\n\t\t\t\t\t\t\t\t\t\t\t\t\t\t\t\t<div class=\"elementor-custom-embed-play\" role=\"button\" aria-label=\"Play video about video editing\" tabindex=\"0\">\n\t\t\t\t\t\t\t<svg aria-hidden=\"true\" class=\"e-font-icon-svg e-eicon-play\" viewbox=\"0 0 1000 1000\" xmlns=\"http:\/\/www.w3.org\/2000\/svg\"><path d=\"M838 162C746 71 633 25 500 25 371 25 258 71 163 162 71 254 25 367 25 500 25 633 71 746 163 837 254 929 367 979 500 979 633 979 746 933 838 837 929 746 975 633 975 500 975 367 929 254 838 162M808 192C892 279 933 379 933 500 933 621 892 725 808 808 725 892 621 938 500 938 379 938 279 896 196 808 113 725 67 621 67 500 67 379 108 279 196 192 279 108 383 62 500 62 621 62 721 108 808 192M438 392V642L642 517 438 392Z\"><\/path><\/svg>\t\t\t\t\t\t<\/div>\n\t\t\t\t\t\t\t\t\t<\/div>\n\t\t\t\t\t<\/div>\n\t\t\t\t\t\t<\/div>\n\t\t\t\t<\/div>\n\t\t\t\t<\/div>\n\t\t\t\t<\/div>\n\t\t<div class=\"elementor-element elementor-element-151b60af e-flex e-con-boxed e-con e-parent\" data-id=\"151b60af\" data-element_type=\"container\" data-e-type=\"container\" data-settings=\"{&quot;background_background&quot;:&quot;classic&quot;}\">\n\t\t\t\t\t<div class=\"e-con-inner\">\n\t\t<div class=\"elementor-element elementor-element-14aee8a7 e-con-full e-flex e-con e-child\" data-id=\"14aee8a7\" data-element_type=\"container\" data-e-type=\"container\">\n\t\t\t\t<div class=\"elementor-element elementor-element-3c450302 elementor-widget elementor-widget-heading\" data-id=\"3c450302\" data-element_type=\"widget\" data-e-type=\"widget\" data-widget_type=\"heading.default\">\n\t\t\t\t<div class=\"elementor-widget-container\">\n\t\t\t\t\t<h2 class=\"elementor-heading-title elementor-size-default\">What our video editing service includes\n<\/h2>\t\t\t\t<\/div>\n\t\t\t\t<\/div>\n\t\t\t\t<div class=\"elementor-element elementor-element-653c3950 elementor-widget elementor-widget-text-editor\" data-id=\"653c3950\" data-element_type=\"widget\" data-e-type=\"widget\" data-widget_type=\"text-editor.default\">\n\t\t\t\t<div class=\"elementor-widget-container\">\n\t\t\t\t\t\t\t\t\t<p><span style=\"font-weight: 400;\">If you are looking for a <\/span><b>video editing service<\/b><span style=\"font-weight: 400;\"> professional and adapted to your project, tell us your idea and we will make it come true.<\/span><\/p>\t\t\t\t\t\t\t\t<\/div>\n\t\t\t\t<\/div>\n\t\t\t\t<\/div>\n\t\t<div class=\"elementor-element elementor-element-59a7cf9 e-con-full e-flex e-con e-child\" data-id=\"59a7cf9\" data-element_type=\"container\" data-e-type=\"container\">\n\t\t<div class=\"elementor-element elementor-element-36e959ae e-con-full e-flex e-con e-child\" data-id=\"36e959ae\" data-element_type=\"container\" data-e-type=\"container\">\n\t\t\t\t<div class=\"elementor-element elementor-element-6ef35f2 elementor-widget elementor-widget-heading\" data-id=\"6ef35f2\" data-element_type=\"widget\" data-e-type=\"widget\" data-widget_type=\"heading.default\">\n\t\t\t\t<div class=\"elementor-widget-container\">\n\t\t\t\t\t<h3 class=\"elementor-heading-title elementor-size-default\">Audiovisual editing and editing\n<\/h3>\t\t\t\t<\/div>\n\t\t\t\t<\/div>\n\t\t\t\t<div class=\"elementor-element elementor-element-2c2bc275 elementor-widget elementor-widget-text-editor\" data-id=\"2c2bc275\" data-element_type=\"widget\" data-e-type=\"widget\" data-widget_type=\"text-editor.default\">\n\t\t\t\t<div class=\"elementor-widget-container\">\n\t\t\t\t\t\t\t\t\t<p><span style=\"font-weight: 400;\">We organise, cut and structure your material to create fluid and well-constructed videos. We work with a clear narrative so that the content conveys the message effectively.<\/span><\/p>\t\t\t\t\t\t\t\t<\/div>\n\t\t\t\t<\/div>\n\t\t\t\t<\/div>\n\t\t<div class=\"elementor-element elementor-element-c150b17 e-con-full e-flex e-con e-child\" data-id=\"c150b17\" data-element_type=\"container\" data-e-type=\"container\">\n\t\t\t\t<div class=\"elementor-element elementor-element-bf26a44 elementor-widget elementor-widget-heading\" data-id=\"bf26a44\" data-element_type=\"widget\" data-e-type=\"widget\" data-widget_type=\"heading.default\">\n\t\t\t\t<div class=\"elementor-widget-container\">\n\t\t\t\t\t<h3 class=\"elementor-heading-title elementor-size-default\">Colour correction and visual retouching\n<\/h3>\t\t\t\t<\/div>\n\t\t\t\t<\/div>\n\t\t\t\t<div class=\"elementor-element elementor-element-159c93a4 elementor-widget elementor-widget-text-editor\" data-id=\"159c93a4\" data-element_type=\"widget\" data-e-type=\"widget\" data-widget_type=\"text-editor.default\">\n\t\t\t\t<div class=\"elementor-widget-container\">\n\t\t\t\t\t\t\t\t\t<p><span style=\"font-weight: 400;\">We adjust colours, brightness and contrast to bring uniformity to the video and improve its visual quality. Each piece is optimised to look professional and attractive.<\/span><\/p>\t\t\t\t\t\t\t\t<\/div>\n\t\t\t\t<\/div>\n\t\t\t\t<\/div>\n\t\t<div class=\"elementor-element elementor-element-6176b85b e-con-full e-flex e-con e-child\" data-id=\"6176b85b\" data-element_type=\"container\" data-e-type=\"container\">\n\t\t\t\t<div class=\"elementor-element elementor-element-0edf881 elementor-widget elementor-widget-heading\" data-id=\"0edf881\" data-element_type=\"widget\" data-e-type=\"widget\" data-widget_type=\"heading.default\">\n\t\t\t\t<div class=\"elementor-widget-container\">\n\t\t\t\t\t<h3 class=\"elementor-heading-title elementor-size-default\">Animations and visual effects\n<\/h3>\t\t\t\t<\/div>\n\t\t\t\t<\/div>\n\t\t\t\t<div class=\"elementor-element elementor-element-5399217e elementor-widget elementor-widget-text-editor\" data-id=\"5399217e\" data-element_type=\"widget\" data-e-type=\"widget\" data-widget_type=\"text-editor.default\">\n\t\t\t\t<div class=\"elementor-widget-container\">\n\t\t\t\t\t\t\t\t\t<p><span style=\"font-weight: 400;\">We integrate transitions, animated graphics and visual effects to give dynamism to the content and make it more attractive to the audience.<\/span><\/p>\t\t\t\t\t\t\t\t<\/div>\n\t\t\t\t<\/div>\n\t\t\t\t<\/div>\n\t\t<div class=\"elementor-element elementor-element-a0beca1 e-con-full e-flex e-con e-child\" data-id=\"a0beca1\" data-element_type=\"container\" data-e-type=\"container\">\n\t\t\t\t<div class=\"elementor-element elementor-element-0a67913 elementor-widget elementor-widget-heading\" data-id=\"0a67913\" data-element_type=\"widget\" data-e-type=\"widget\" data-widget_type=\"heading.default\">\n\t\t\t\t<div class=\"elementor-widget-container\">\n\t\t\t\t\t<h3 class=\"elementor-heading-title elementor-size-default\">Video editing for social media\n<\/h3>\t\t\t\t<\/div>\n\t\t\t\t<\/div>\n\t\t\t\t<div class=\"elementor-element elementor-element-f8c904a elementor-widget elementor-widget-text-editor\" data-id=\"f8c904a\" data-element_type=\"widget\" data-e-type=\"widget\" data-widget_type=\"text-editor.default\">\n\t\t\t\t<div class=\"elementor-widget-container\">\n\t\t\t\t\t\t\t\t\t<p><span style=\"font-weight: 400;\">We create videos optimised for social networks such as Instagram, TikTok, YouTube or Facebook, adapting the format, length and style to the trends and needs of each platform.<\/span><\/p>\t\t\t\t\t\t\t\t<\/div>\n\t\t\t\t<\/div>\n\t\t\t\t<\/div>\n\t\t\t\t<\/div>\n\t\t\t\t\t<\/div>\n\t\t\t\t<\/div>\n\t\t<div class=\"elementor-element elementor-element-eebe1b9 e-flex e-con-boxed e-con e-parent\" data-id=\"eebe1b9\" data-element_type=\"container\" data-e-type=\"container\" data-settings=\"{&quot;background_background&quot;:&quot;classic&quot;}\">\n\t\t\t\t\t<div class=\"e-con-inner\">\n\t\t<div class=\"elementor-element elementor-element-4092a65 e-con-full e-flex e-con e-child\" data-id=\"4092a65\" data-element_type=\"container\" data-e-type=\"container\">\n\t\t\t\t<div class=\"elementor-element elementor-element-8201ba5 elementor-widget elementor-widget-heading\" data-id=\"8201ba5\" data-element_type=\"widget\" data-e-type=\"widget\" data-widget_type=\"heading.default\">\n\t\t\t\t<div class=\"elementor-widget-container\">\n\t\t\t\t\t<h2 class=\"elementor-heading-title elementor-size-default\">Over 13 years of creating impactful visual content\n<\/h2>\t\t\t\t<\/div>\n\t\t\t\t<\/div>\n\t\t\t\t<div class=\"elementor-element elementor-element-58cf913 elementor-widget elementor-widget-text-editor\" data-id=\"58cf913\" data-element_type=\"widget\" data-e-type=\"widget\" data-widget_type=\"text-editor.default\">\n\t\t\t\t<div class=\"elementor-widget-container\">\n\t\t\t\t\t\t\t\t\t<p><span style=\"font-weight: 400;\">With more than <\/span><b>13 years of experience<\/b><span style=\"font-weight: 400;\">in <\/span><b>Helen Illustra<\/b><span style=\"font-weight: 400;\"> we have worked with <\/span><b>brands, agencies and creative projects<\/b><span style=\"font-weight: 400;\"> that seek to enhance their communication through video.<\/span><\/p><p><span style=\"font-weight: 400;\">Each audiovisual piece is edited with a strategic and aesthetic approach, ensuring that it serves its purpose effectively. It is not just about assembling images, but about telling a story that connects with the audience.<\/span><\/p><p><span style=\"font-weight: 400;\">If you are looking for a <\/span><b>video editing service<\/b><span style=\"font-weight: 400;\"> that combines creativity, technique and attention to detail, in <\/span><b>Helen Illustra<\/b><span style=\"font-weight: 400;\"> We will be happy to help you bring your content to life.<\/span><\/p>\t\t\t\t\t\t\t\t<\/div>\n\t\t\t\t<\/div>\n\t\t\t\t<\/div>\n\t\t\t\t\t<\/div>\n\t\t\t\t<\/div>\n\t\t<div class=\"elementor-element elementor-element-a639749 e-con-full e-flex e-con e-parent\" data-id=\"a639749\" data-element_type=\"container\" data-e-type=\"container\" data-settings=\"{&quot;background_background&quot;:&quot;classic&quot;}\">\n\t\t\t\t<\/div>\n\t\t\t\t<\/div>","protected":false},"excerpt":{"rendered":"<p>Servicio de Edici\u00f3n de V\u00eddeo Edici\u00f3n de v\u00eddeo profesional para marcas y proyectos creativos En Helen Ilustra, la edici\u00f3n de v\u00eddeo es mucho m\u00e1s que cortar y ensamblar im\u00e1genes. Es una herramienta poderosa que permite contar historias, transmitir emociones y reforzar la identidad visual de una marca o proyecto. Un v\u00eddeo bien editado puede captar [&hellip;]<\/p>\n","protected":false},"author":1,"featured_media":0,"parent":0,"menu_order":0,"comment_status":"closed","ping_status":"closed","template":"","meta":{"site-sidebar-layout":"no-sidebar","site-content-layout":"page-builder","ast-site-content-layout":"full-width-container","site-content-style":"unboxed","site-sidebar-style":"unboxed","ast-global-header-display":"","ast-banner-title-visibility":"","ast-main-header-display":"","ast-hfb-above-header-display":"","ast-hfb-below-header-display":"","ast-hfb-mobile-header-display":"","site-post-title":"disabled","ast-breadcrumbs-content":"","ast-featured-img":"disabled","footer-sml-layout":"","ast-disable-related-posts":"","theme-transparent-header-meta":"","adv-header-id-meta":"","stick-header-meta":"","header-above-stick-meta":"","header-main-stick-meta":"","header-below-stick-meta":"","astra-migrate-meta-layouts":"set","ast-page-background-enabled":"default","ast-page-background-meta":{"desktop":{"background-color":"var(--ast-global-color-4)","background-image":"","background-repeat":"repeat","background-position":"center center","background-size":"auto","background-attachment":"scroll","background-type":"","background-media":"","overlay-type":"","overlay-color":"","overlay-opacity":"","overlay-gradient":""},"tablet":{"background-color":"","background-image":"","background-repeat":"repeat","background-position":"center center","background-size":"auto","background-attachment":"scroll","background-type":"","background-media":"","overlay-type":"","overlay-color":"","overlay-opacity":"","overlay-gradient":""},"mobile":{"background-color":"","background-image":"","background-repeat":"repeat","background-position":"center center","background-size":"auto","background-attachment":"scroll","background-type":"","background-media":"","overlay-type":"","overlay-color":"","overlay-opacity":"","overlay-gradient":""}},"ast-content-background-meta":{"desktop":{"background-color":"var(--ast-global-color-5)","background-image":"","background-repeat":"repeat","background-position":"center center","background-size":"auto","background-attachment":"scroll","background-type":"","background-media":"","overlay-type":"","overlay-color":"","overlay-opacity":"","overlay-gradient":""},"tablet":{"background-color":"var(--ast-global-color-5)","background-image":"","background-repeat":"repeat","background-position":"center center","background-size":"auto","background-attachment":"scroll","background-type":"","background-media":"","overlay-type":"","overlay-color":"","overlay-opacity":"","overlay-gradient":""},"mobile":{"background-color":"var(--ast-global-color-5)","background-image":"","background-repeat":"repeat","background-position":"center center","background-size":"auto","background-attachment":"scroll","background-type":"","background-media":"","overlay-type":"","overlay-color":"","overlay-opacity":"","overlay-gradient":""}},"footnotes":""},"class_list":["post-904","page","type-page","status-publish","hentry"],"_links":{"self":[{"href":"https:\/\/helenilustra.com\/en\/wp-json\/wp\/v2\/pages\/904","targetHints":{"allow":["GET"]}}],"collection":[{"href":"https:\/\/helenilustra.com\/en\/wp-json\/wp\/v2\/pages"}],"about":[{"href":"https:\/\/helenilustra.com\/en\/wp-json\/wp\/v2\/types\/page"}],"author":[{"embeddable":true,"href":"https:\/\/helenilustra.com\/en\/wp-json\/wp\/v2\/users\/1"}],"replies":[{"embeddable":true,"href":"https:\/\/helenilustra.com\/en\/wp-json\/wp\/v2\/comments?post=904"}],"version-history":[{"count":52,"href":"https:\/\/helenilustra.com\/en\/wp-json\/wp\/v2\/pages\/904\/revisions"}],"predecessor-version":[{"id":1353,"href":"https:\/\/helenilustra.com\/en\/wp-json\/wp\/v2\/pages\/904\/revisions\/1353"}],"wp:attachment":[{"href":"https:\/\/helenilustra.com\/en\/wp-json\/wp\/v2\/media?parent=904"}],"curies":[{"name":"wp","href":"https:\/\/api.w.org\/{rel}","templated":true}]}}